{"id":1544,"date":"2024-05-24T09:49:48","date_gmt":"2024-05-24T01:49:48","guid":{"rendered":"https:\/\/topall.biz\/?page_id=1544"},"modified":"2024-05-24T09:49:49","modified_gmt":"2024-05-24T01:49:49","slug":"hzs60-concrete-batching-plant-60cbm","status":"publish","type":"page","link":"https:\/\/topall.biz\/?page_id=1544","title":{"rendered":"cheapest HZS60 concrete batching plant 60cbm"},"content":{"rendered":"\n<p><\/p>\n\n\n\n<p><a href=\"https:\/\/topall.biz\/?p=116\">Concrete Batching Plant Mobile Type Concrete Batching Plant 60m3 Concrete Batching Plant<\/a><br>Technical parameters Unit HZS60<br>Theory productivity m\u00b3\/h 60<br>Volume of mainframe m\u00b3 1<br>Batching machine \u00a0 PLD1600Q-IV<br>Batching machine(volume per bin) m\u00b3 7<br>Batching machine(bin&#8217;s amount) \u00a0 4<br>Aggregate max scale kg 3000<br>Cement max scale kg 600<br>Powder material max scale kg \/<br>Water max scale kg 250<br>Liquid additive max scale kg 40<br>The mixer&#8217;s power kw 37<br>Lifting power kw 15<br>Whole power kw 80<br>Discharging height m 3.8<br>The whole weight t 32<br>Dimension(length\u00d7witch\u00d7height) m 31.4\u00d715.4\u00d719.4<br>Feeding style \u00a0 Sliding ladder<br>Calculating precision Aggregate \u00a0 \u00b12%<br>Powder material \u00a0 \u00b11%<br>Water \u00a0 \u00b11%<br>Additives \u00a0 \u00b11%<\/p>\n\n\n<div class=\"wp-block-image\">\n<figure class=\"aligncenter size-full\" id=\"HZS60-concrete-batching-plant-60cbm\"><img loading=\"lazy\" decoding=\"async\" width=\"800\" height=\"722\" src=\"https:\/\/topall.biz\/wp-content\/uploads\/2024\/05\/\u722c\u6597\u4e0a\u6599sliding-hopper.jpg\" alt=\"HZS60 concrete batching plant 60cbm\" class=\"wp-image-1545\" title=\"HZS60 concrete batching plant 60cbm\" srcset=\"https:\/\/topall.biz\/wp-content\/uploads\/2024\/05\/\u722c\u6597\u4e0a\u6599sliding-hopper.jpg 800w, https:\/\/topall.biz\/wp-content\/uploads\/2024\/05\/\u722c\u6597\u4e0a\u6599sliding-hopper-300x271.jpg 300w, https:\/\/topall.biz\/wp-content\/uploads\/2024\/05\/\u722c\u6597\u4e0a\u6599sliding-hopper-768x693.jpg 768w\" sizes=\"auto, (max-width: 800px) 100vw, 800px\" \/><figcaption class=\"wp-element-caption\">HZS60 concrete batching plant 60cbm<\/figcaption><\/figure>\n<\/div>\n\n\n<p>Model <a href=\"https:\/\/betonniere.cn\/?page_id=232\">JS1000<\/a><br>Charging\u00a0volume 1600L<br>Discharging\u00a0volume 1000L<br>Productivity \u226450m3\/h<br>Aggregate\u00a0maximum\u00a0size\u00a0 80\/60(pebble\/macadam)mm<br>Mixing\u00a0Electric\u00a0Motor Model Y2-200L-6<br>Power 2*22kW<br>Hoisting\u00a0Electric\u00a0Motor Model YEZ132S-4-B5<br>Power 11kW<br>Water\u00a0Pump\u00a0Motor Power 3kW<br>Weight 10030kg<\/p>\n\n\n<div class=\"wp-block-image\">\n<figure class=\"aligncenter size-full\"><img loading=\"lazy\" decoding=\"async\" width=\"800\" height=\"800\" src=\"https:\/\/topall.biz\/wp-content\/uploads\/2024\/05\/cheapest-JS1000-mixer-with-sliding-hopper-platform-and-guardrail-discharging-hopper-ladder.jpg\" alt=\"cheapest JS1000 mixer with sliding hopper platform and guardrail discharging hopper ladder\" class=\"wp-image-1548\" srcset=\"https:\/\/topall.biz\/wp-content\/uploads\/2024\/05\/cheapest-JS1000-mixer-with-sliding-hopper-platform-and-guardrail-discharging-hopper-ladder.jpg 800w, https:\/\/topall.biz\/wp-content\/uploads\/2024\/05\/cheapest-JS1000-mixer-with-sliding-hopper-platform-and-guardrail-discharging-hopper-ladder-300x300.jpg 300w, https:\/\/topall.biz\/wp-content\/uploads\/2024\/05\/cheapest-JS1000-mixer-with-sliding-hopper-platform-and-guardrail-discharging-hopper-ladder-150x150.jpg 150w, https:\/\/topall.biz\/wp-content\/uploads\/2024\/05\/cheapest-JS1000-mixer-with-sliding-hopper-platform-and-guardrail-discharging-hopper-ladder-768x768.jpg 768w\" sizes=\"auto, (max-width: 800px) 100vw, 800px\" \/><figcaption class=\"wp-element-caption\">cheapest JS1000 mixer with sliding hopper platform and guardrail discharging hopper ladder<\/figcaption><\/figure>\n<\/div>\n\n\n<figure class=\"wp-block-table aligncenter\"><table><tbody><tr><td class=\"has-text-align-center\" data-align=\"center\">PLD1600 series<\/td><td>Parameter<\/td><\/tr><tr><td class=\"has-text-align-center\" data-align=\"center\">Cubage of Weighing Hopper<\/td><td>2m3<\/td><\/tr><tr><td class=\"has-text-align-center\" data-align=\"center\">Cubage of Storing hopper<\/td><td>2,3,4\u00d73m\u00b3(7m\u00b3)<\/td><\/tr><tr><td class=\"has-text-align-center\" data-align=\"center\">Productivity<\/td><td>96m\u00b3\/h<\/td><\/tr><tr><td class=\"has-text-align-center\" data-align=\"center\">Batching Accuracy<\/td><td>\u00b1 2%<\/td><\/tr><tr><td class=\"has-text-align-center\" data-align=\"center\">Max Weighing Value<\/td><td>3000kg<\/td><\/tr><tr><td class=\"has-text-align-center\" data-align=\"center\">Amount of Batching aggregate<\/td><td>2<\/td><\/tr><tr><td class=\"has-text-align-center\" data-align=\"center\">Speed of Belt Conveyor<\/td><td>1.25m\/s<\/td><\/tr><tr><td class=\"has-text-align-center\" data-align=\"center\">Power<\/td><td>8.4kW<\/td><\/tr><tr><td class=\"has-text-align-center\" data-align=\"center\">Outline Dimension&nbsp;<br>L\u00d7W\u00d7H(mm)<\/td><td>6270*2305*2900(7190*2320*2560)<\/td><\/tr><tr><td class=\"has-text-align-center\" data-align=\"center\">Weight<\/td><td>2320kg<\/td><\/tr><tr><td class=\"has-text-align-center\" data-align=\"center\">Loading height<\/td><td>2780(3155)mm<\/td><\/tr><tr><td class=\"has-text-align-center\" data-align=\"center\">Loading width<\/td><td>&nbsp;3100(3500)mm<\/td><\/tr><\/tbody><\/table><\/figure>\n\n\n<div class=\"wp-block-image\">\n<figure class=\"aligncenter size-large\"><img loading=\"lazy\" decoding=\"async\" width=\"1024\" height=\"472\" src=\"https:\/\/topall.biz\/wp-content\/uploads\/2024\/05\/fangyuan-60cbm-8-1024x472.jpg\" alt=\"PLD1600 batching machine\" class=\"wp-image-1547\" title=\"PLD1600 batching machine\" srcset=\"https:\/\/topall.biz\/wp-content\/uploads\/2024\/05\/fangyuan-60cbm-8-1024x472.jpg 1024w, https:\/\/topall.biz\/wp-content\/uploads\/2024\/05\/fangyuan-60cbm-8-300x138.jpg 300w, https:\/\/topall.biz\/wp-content\/uploads\/2024\/05\/fangyuan-60cbm-8-768x354.jpg 768w, https:\/\/topall.biz\/wp-content\/uploads\/2024\/05\/fangyuan-60cbm-8-1536x708.jpg 1536w, https:\/\/topall.biz\/wp-content\/uploads\/2024\/05\/fangyuan-60cbm-8-2048x944.jpg 2048w\" sizes=\"auto, (max-width: 1024px) 100vw, 1024px\" \/><figcaption class=\"wp-element-caption\">PLD1600 batching machine<\/figcaption><\/figure>\n<\/div>\n\n\n<p>60cbm plant, year 2022, Fangyuan brand, it is first brand of batch plant in China.<\/p>\n\n\n\n<p>the complete plant include<br>JS1000 mixer, legs and platform, and ladder<br>PLD1600-4bin batch machine<br>Boshuo BS1200A batch controller, with computer-printer-software-camera<br>air compressor-water pump-all complete for the plant.<br>control room with AC<br>including two screw conveyor 219mm-9m<br>without silo<\/p>\n\n\n\n<p>FOB price: <a href=\"https:\/\/wa.me\/8615861672347\">2*,***<\/a> USD<br>Shipment required 2<em>40hc +1<\/em>20&#8242;<br>if no need operator room, only 2*40hc, can prepare the operator room locally, save the freight.<\/p>\n","protected":false},"excerpt":{"rendered":"<p>Concrete Batching Plant Mobile Type Concrete Batching Plant 60m3 Concrete Batching PlantTechnical parameters Unit HZS60Theory productivity m\u00b3\/h 60Volume of mainframe&hellip;<\/p>\n","protected":false},"author":1,"featured_media":1545,"parent":0,"menu_order":0,"comment_status":"closed","ping_status":"closed","template":"","meta":{"footnotes":""},"class_list":["post-1544","page","type-page","status-publish","has-post-thumbnail","hentry"],"yoast_head":"<!-- This site is optimized with the Yoast SEO plugin v20.12 - https:\/\/yoast.com\/wordpress\/plugins\/seo\/ -->\n<title>cheapest HZS60 concrete batching plant 60cbm - Ironman Machinery<\/title>\n<meta name=\"description\" content=\"HZS60 concrete batching plant 60cbm Fangyuan Brand, made in 2022, 95% new. Cheap as raw material cost.\" \/>\n<meta name=\"robots\" content=\"index, follow, max-snippet:-1, max-image-preview:large, max-video-preview:-1\" \/>\n<link rel=\"canonical\" href=\"https:\/\/topall.biz\/?page_id=1544\" \/>\n<meta property=\"og:locale\" content=\"en_US\" \/>\n<meta property=\"og:type\" content=\"article\" \/>\n<meta property=\"og:title\" content=\"cheapest HZS60 concrete batching plant 60cbm - Ironman Machinery\" \/>\n<meta property=\"og:description\" content=\"HZS60 concrete batching plant 60cbm Fangyuan Brand, made in 2022, 95% new. Cheap as raw material cost.\" \/>\n<meta property=\"og:url\" content=\"https:\/\/topall.biz\/?page_id=1544\" \/>\n<meta property=\"og:site_name\" content=\"Ironman Machinery\" \/>\n<meta property=\"article:modified_time\" content=\"2024-05-24T01:49:49+00:00\" \/>\n<meta property=\"og:image\" content=\"https:\/\/topall.biz\/wp-content\/uploads\/2024\/05\/\u722c\u6597\u4e0a\u6599sliding-hopper.jpg\" \/>\n\t<meta property=\"og:image:width\" content=\"800\" \/>\n\t<meta property=\"og:image:height\" content=\"722\" \/>\n\t<meta property=\"og:image:type\" content=\"image\/jpeg\" \/>\n<meta name=\"twitter:card\" content=\"summary_large_image\" \/>\n<meta name=\"twitter:label1\" content=\"Est. reading time\" \/>\n\t<meta name=\"twitter:data1\" content=\"3 minutes\" \/>\n<script type=\"application\/ld+json\" class=\"yoast-schema-graph\">{\"@context\":\"https:\/\/schema.org\",\"@graph\":[{\"@type\":\"WebPage\",\"@id\":\"https:\/\/topall.biz\/?page_id=1544\",\"url\":\"https:\/\/topall.biz\/?page_id=1544\",\"name\":\"cheapest HZS60 concrete batching plant 60cbm - Ironman Machinery\",\"isPartOf\":{\"@id\":\"https:\/\/topall.biz\/#website\"},\"datePublished\":\"2024-05-24T01:49:48+00:00\",\"dateModified\":\"2024-05-24T01:49:49+00:00\",\"description\":\"HZS60 concrete batching plant 60cbm Fangyuan Brand, made in 2022, 95% new. Cheap as raw material cost.\",\"breadcrumb\":{\"@id\":\"https:\/\/topall.biz\/?page_id=1544#breadcrumb\"},\"inLanguage\":\"en-US\",\"potentialAction\":[{\"@type\":\"ReadAction\",\"target\":[\"https:\/\/topall.biz\/?page_id=1544\"]}]},{\"@type\":\"BreadcrumbList\",\"@id\":\"https:\/\/topall.biz\/?page_id=1544#breadcrumb\",\"itemListElement\":[{\"@type\":\"ListItem\",\"position\":1,\"name\":\"\u9996\u9875\",\"item\":\"https:\/\/topall.biz\/\"},{\"@type\":\"ListItem\",\"position\":2,\"name\":\"cheapest HZS60 concrete batching plant 60cbm\"}]},{\"@type\":\"WebSite\",\"@id\":\"https:\/\/topall.biz\/#website\",\"url\":\"https:\/\/topall.biz\/\",\"name\":\"Ironman Machinery\",\"description\":\"Superior Quality-High Standards\",\"publisher\":{\"@id\":\"https:\/\/topall.biz\/#organization\"},\"potentialAction\":[{\"@type\":\"SearchAction\",\"target\":{\"@type\":\"EntryPoint\",\"urlTemplate\":\"https:\/\/topall.biz\/?s={search_term_string}\"},\"query-input\":\"required name=search_term_string\"}],\"inLanguage\":\"en-US\"},{\"@type\":\"Organization\",\"@id\":\"https:\/\/topall.biz\/#organization\",\"name\":\"Ironman Machinery\",\"url\":\"https:\/\/topall.biz\/\",\"logo\":{\"@type\":\"ImageObject\",\"inLanguage\":\"en-US\",\"@id\":\"https:\/\/topall.biz\/#\/schema\/logo\/image\/\",\"url\":\"https:\/\/topall.biz\/wp-content\/uploads\/2024\/03\/cropped-topall.png\",\"contentUrl\":\"https:\/\/topall.biz\/wp-content\/uploads\/2024\/03\/cropped-topall.png\",\"width\":200,\"height\":60,\"caption\":\"Ironman Machinery\"},\"image\":{\"@id\":\"https:\/\/topall.biz\/#\/schema\/logo\/image\/\"}}]}<\/script>\n<!-- \/ Yoast SEO plugin. -->","yoast_head_json":{"title":"cheapest HZS60 concrete batching plant 60cbm - Ironman Machinery","description":"HZS60 concrete batching plant 60cbm Fangyuan Brand, made in 2022, 95% new. Cheap as raw material cost.","robots":{"index":"index","follow":"follow","max-snippet":"max-snippet:-1","max-image-preview":"max-image-preview:large","max-video-preview":"max-video-preview:-1"},"canonical":"https:\/\/topall.biz\/?page_id=1544","og_locale":"en_US","og_type":"article","og_title":"cheapest HZS60 concrete batching plant 60cbm - Ironman Machinery","og_description":"HZS60 concrete batching plant 60cbm Fangyuan Brand, made in 2022, 95% new. Cheap as raw material cost.","og_url":"https:\/\/topall.biz\/?page_id=1544","og_site_name":"Ironman Machinery","article_modified_time":"2024-05-24T01:49:49+00:00","og_image":[{"width":800,"height":722,"url":"https:\/\/topall.biz\/wp-content\/uploads\/2024\/05\/\u722c\u6597\u4e0a\u6599sliding-hopper.jpg","type":"image\/jpeg"}],"twitter_card":"summary_large_image","twitter_misc":{"Est. reading time":"3 minutes"},"schema":{"@context":"https:\/\/schema.org","@graph":[{"@type":"WebPage","@id":"https:\/\/topall.biz\/?page_id=1544","url":"https:\/\/topall.biz\/?page_id=1544","name":"cheapest HZS60 concrete batching plant 60cbm - Ironman Machinery","isPartOf":{"@id":"https:\/\/topall.biz\/#website"},"datePublished":"2024-05-24T01:49:48+00:00","dateModified":"2024-05-24T01:49:49+00:00","description":"HZS60 concrete batching plant 60cbm Fangyuan Brand, made in 2022, 95% new. Cheap as raw material cost.","breadcrumb":{"@id":"https:\/\/topall.biz\/?page_id=1544#breadcrumb"},"inLanguage":"en-US","potentialAction":[{"@type":"ReadAction","target":["https:\/\/topall.biz\/?page_id=1544"]}]},{"@type":"BreadcrumbList","@id":"https:\/\/topall.biz\/?page_id=1544#breadcrumb","itemListElement":[{"@type":"ListItem","position":1,"name":"\u9996\u9875","item":"https:\/\/topall.biz\/"},{"@type":"ListItem","position":2,"name":"cheapest HZS60 concrete batching plant 60cbm"}]},{"@type":"WebSite","@id":"https:\/\/topall.biz\/#website","url":"https:\/\/topall.biz\/","name":"Ironman Machinery","description":"Superior Quality-High Standards","publisher":{"@id":"https:\/\/topall.biz\/#organization"},"potentialAction":[{"@type":"SearchAction","target":{"@type":"EntryPoint","urlTemplate":"https:\/\/topall.biz\/?s={search_term_string}"},"query-input":"required name=search_term_string"}],"inLanguage":"en-US"},{"@type":"Organization","@id":"https:\/\/topall.biz\/#organization","name":"Ironman Machinery","url":"https:\/\/topall.biz\/","logo":{"@type":"ImageObject","inLanguage":"en-US","@id":"https:\/\/topall.biz\/#\/schema\/logo\/image\/","url":"https:\/\/topall.biz\/wp-content\/uploads\/2024\/03\/cropped-topall.png","contentUrl":"https:\/\/topall.biz\/wp-content\/uploads\/2024\/03\/cropped-topall.png","width":200,"height":60,"caption":"Ironman Machinery"},"image":{"@id":"https:\/\/topall.biz\/#\/schema\/logo\/image\/"}}]}},"_links":{"self":[{"href":"https:\/\/topall.biz\/index.php?rest_route=\/wp\/v2\/pages\/1544","targetHints":{"allow":["GET"]}}],"collection":[{"href":"https:\/\/topall.biz\/index.php?rest_route=\/wp\/v2\/pages"}],"about":[{"href":"https:\/\/topall.biz\/index.php?rest_route=\/wp\/v2\/types\/page"}],"author":[{"embeddable":true,"href":"https:\/\/topall.biz\/index.php?rest_route=\/wp\/v2\/users\/1"}],"replies":[{"embeddable":true,"href":"https:\/\/topall.biz\/index.php?rest_route=%2Fwp%2Fv2%2Fcomments&post=1544"}],"version-history":[{"count":1,"href":"https:\/\/topall.biz\/index.php?rest_route=\/wp\/v2\/pages\/1544\/revisions"}],"predecessor-version":[{"id":1549,"href":"https:\/\/topall.biz\/index.php?rest_route=\/wp\/v2\/pages\/1544\/revisions\/1549"}],"wp:featuredmedia":[{"embeddable":true,"href":"https:\/\/topall.biz\/index.php?rest_route=\/wp\/v2\/media\/1545"}],"wp:attachment":[{"href":"https:\/\/topall.biz\/index.php?rest_route=%2Fwp%2Fv2%2Fmedia&parent=1544"}],"curies":[{"name":"wp","href":"https:\/\/api.w.org\/{rel}","templated":true}]}}