{"id":643,"date":"2022-04-12T16:51:36","date_gmt":"2022-04-12T08:51:36","guid":{"rendered":"http:\/\/topall.biz\/?page_id=643"},"modified":"2026-03-03T11:31:15","modified_gmt":"2026-03-03T03:31:15","slug":"qt4-40-electric-block-machine","status":"publish","type":"page","link":"https:\/\/topall.biz\/?page_id=643","title":{"rendered":"QTJ4-40 electric block machine"},"content":{"rendered":"\n<figure class=\"wp-block-table aligncenter\"><table><tbody><tr><td class=\"has-text-align-center\" data-align=\"center\">Model<\/td><td class=\"has-text-align-center\" data-align=\"center\">QTJ4-40<\/td><\/tr><tr><td class=\"has-text-align-center\" data-align=\"center\">Overall size<\/td><td class=\"has-text-align-center\" data-align=\"center\">2000\u00d71480\u00d71150<\/td><\/tr><tr><td class=\"has-text-align-center\" data-align=\"center\">High<\/td><td class=\"has-text-align-center\" data-align=\"center\">50-250mm<\/td><\/tr><tr><td class=\"has-text-align-center\" data-align=\"center\">Carriage size<\/td><td class=\"has-text-align-center\" data-align=\"center\">880\u00d7470\u00d735mm<\/td><\/tr><tr><td class=\"has-text-align-center\" data-align=\"center\">Cycle<\/td><td class=\"has-text-align-center\" data-align=\"center\">40S<\/td><\/tr><tr><td class=\"has-text-align-center\" data-align=\"center\">Vibrate frequency<\/td><td class=\"has-text-align-center\" data-align=\"center\">50Hz<\/td><\/tr><tr><td class=\"has-text-align-center\" data-align=\"center\">Vibrated power<\/td><td class=\"has-text-align-center\" data-align=\"center\">7.4KW<\/td><\/tr><tr><td class=\"has-text-align-center\" data-align=\"center\">Shift capacity<\/td><td class=\"has-text-align-center\" data-align=\"center\">2000&nbsp;pieces<\/td><\/tr><tr><td class=\"has-text-align-center\" data-align=\"center\">Rated power<\/td><td class=\"has-text-align-center\" data-align=\"center\">9.6KW<\/td><\/tr><tr><td class=\"has-text-align-center\" data-align=\"center\">Hollow: 460*230*230mm<\/td><td class=\"has-text-align-center\" data-align=\"center\">3pcs\/mould<\/td><\/tr><tr><td class=\"has-text-align-center\" data-align=\"center\">Hollow: 400*200*200mm<\/td><td class=\"has-text-align-center\" data-align=\"center\">4pcs\/mould<\/td><\/tr><tr><td class=\"has-text-align-center\" data-align=\"center\">Hollow: 460*150*230mm<\/td><td class=\"has-text-align-center\" data-align=\"center\">5pcs\/mould<\/td><\/tr><tr><td class=\"has-text-align-center\" data-align=\"center\">Hollow: 460*100*230mm<\/td><td class=\"has-text-align-center\" data-align=\"center\">7pcs\/mould<\/td><\/tr><tr><td class=\"has-text-align-center\" data-align=\"center\">Interlocking blocks<\/td><td class=\"has-text-align-center\" data-align=\"center\">10-16pcs\/mould<\/td><\/tr><tr><td class=\"has-text-align-center\" data-align=\"center\">Blocks capacity per day<\/td><td class=\"has-text-align-center\" data-align=\"center\">Max. 11520pcs<\/td><\/tr><\/tbody><\/table><\/figure>\n\n\n\n<figure class=\"wp-block-table aligncenter\"><table class=\"has-fixed-layout\"><tbody><tr><td>Dimensions (mm)<\/td><td class=\"has-text-align-center\" data-align=\"center\">quantity<\/td><td class=\"has-text-align-center\" data-align=\"center\">Cycle <\/td><td class=\"has-text-align-center\" data-align=\"center\">Pieces\/hour<\/td><td class=\"has-text-align-center\" data-align=\"center\">Pieces\/8 hours<\/td><\/tr><tr><td>400*200*200<\/td><td class=\"has-text-align-center\" data-align=\"center\">&nbsp; 4<\/td><td class=\"has-text-align-center\" data-align=\"center\">&nbsp;40<\/td><td class=\"has-text-align-center\" data-align=\"center\">&nbsp;240<\/td><td class=\"has-text-align-center\" data-align=\"center\">&nbsp;9120<\/td><\/tr><tr><td>400*150*60<\/td><td class=\"has-text-align-center\" data-align=\"center\">&nbsp; 5<\/td><td class=\"has-text-align-center\" data-align=\"center\">&nbsp;40<\/td><td class=\"has-text-align-center\" data-align=\"center\">&nbsp;300<\/td><td class=\"has-text-align-center\" data-align=\"center\">&nbsp;2400<\/td><\/tr><tr><td>400*100*200<\/td><td class=\"has-text-align-center\" data-align=\"center\">&nbsp; 7<\/td><td class=\"has-text-align-center\" data-align=\"center\">&nbsp;40<\/td><td class=\"has-text-align-center\" data-align=\"center\">&nbsp;420<\/td><td class=\"has-text-align-center\" data-align=\"center\">&nbsp;3360<\/td><\/tr><tr><td>200*100*60<\/td><td class=\"has-text-align-center\" data-align=\"center\">&nbsp;14<\/td><td class=\"has-text-align-center\" data-align=\"center\">&nbsp;40<\/td><td class=\"has-text-align-center\" data-align=\"center\">&nbsp;840<\/td><td class=\"has-text-align-center\" data-align=\"center\">&nbsp;6720<\/td><\/tr><tr><td>200*112.5*60<\/td><td class=\"has-text-align-center\" data-align=\"center\">&nbsp;12<\/td><td class=\"has-text-align-center\" data-align=\"center\">&nbsp;40<\/td><td class=\"has-text-align-center\" data-align=\"center\">&nbsp;720<\/td><td class=\"has-text-align-center\" data-align=\"center\">&nbsp;5760<\/td><\/tr><tr><td>200*160*60<\/td><td class=\"has-text-align-center\" data-align=\"center\">&nbsp; 8<\/td><td class=\"has-text-align-center\" data-align=\"center\">&nbsp;40<\/td><td class=\"has-text-align-center\" data-align=\"center\">&nbsp;480<\/td><td class=\"has-text-align-center\" data-align=\"center\">&nbsp;3840<\/td><\/tr><\/tbody><\/table><\/figure>\n\n\n\n<figure class=\"wp-block-image size-full\"><img loading=\"lazy\" decoding=\"async\" width=\"894\" height=\"756\" src=\"https:\/\/topall.biz\/wp-content\/uploads\/2026\/03\/BLOCK-MOULD.png\" alt=\"\" class=\"wp-image-1678\" srcset=\"https:\/\/topall.biz\/wp-content\/uploads\/2026\/03\/BLOCK-MOULD.png 894w, https:\/\/topall.biz\/wp-content\/uploads\/2026\/03\/BLOCK-MOULD-300x254.png 300w, https:\/\/topall.biz\/wp-content\/uploads\/2026\/03\/BLOCK-MOULD-768x649.png 768w\" sizes=\"auto, (max-width: 894px) 100vw, 894px\" \/><figcaption class=\"wp-element-caption\">BLOCK TYPES<\/figcaption><\/figure>\n\n\n\n<p>Optional: <a href=\"http:\/\/betonniere.cn\/?page_id=248\">JQ350 pan mixer<\/a><\/p>\n\n\n\n<figure class=\"wp-block-image size-full\"><img loading=\"lazy\" decoding=\"async\" width=\"484\" height=\"600\" src=\"https:\/\/topall.biz\/wp-content\/uploads\/2022\/04\/Block-Making-Machine-QTJ4-40-.jpg\" alt=\"QTJ4-40 semi-automatic block machine\" class=\"wp-image-644\" srcset=\"https:\/\/topall.biz\/wp-content\/uploads\/2022\/04\/Block-Making-Machine-QTJ4-40-.jpg 484w, https:\/\/topall.biz\/wp-content\/uploads\/2022\/04\/Block-Making-Machine-QTJ4-40--242x300.jpg 242w\" sizes=\"auto, (max-width: 484px) 100vw, 484px\" \/><figcaption class=\"wp-element-caption\">QTJ4-40  BLOCK MACHINE <\/figcaption><\/figure>\n\n\n\n<figure class=\"wp-block-image size-full\"><img loading=\"lazy\" decoding=\"async\" width=\"800\" height=\"646\" src=\"https:\/\/topall.biz\/wp-content\/uploads\/2022\/04\/QT4-40.jpg\" alt=\"semi-automatic block machine QTJ4-40 with pan mixer JQ350\" class=\"wp-image-645\" srcset=\"https:\/\/topall.biz\/wp-content\/uploads\/2022\/04\/QT4-40.jpg 800w, https:\/\/topall.biz\/wp-content\/uploads\/2022\/04\/QT4-40-300x242.jpg 300w, https:\/\/topall.biz\/wp-content\/uploads\/2022\/04\/QT4-40-768x620.jpg 768w\" sizes=\"auto, (max-width: 800px) 100vw, 800px\" \/><figcaption class=\"wp-element-caption\">QTJ4-40A AUTOMATIC BLOCK PRODUCTION LINE<\/figcaption><\/figure>\n\n\n\n<hr class=\"wp-block-separator has-css-opacity\"\/>\n\n\n\n<p>Operating procedures:<\/p>\n\n\n\n<p>semi-auto video:https:\/\/www.youtube.com\/shorts\/w__ZmN_cHNE?feature=share<\/p>\n\n\n\n<ol class=\"wp-block-list\">\n<li>fill cement,sand,(other material), water into pan mixer JQ350 manually.(mixing ratio around 1 cement with 10 sand and other material)<\/li>\n\n\n\n<li>after mixing, open the discharge gate of mixer.<\/li>\n\n\n\n<li>place one pallet under the block mould of QT4-40.<\/li>\n\n\n\n<li>load mixture manually into the mould of block machine QT4-40, and load to full after 5 seconds vibration.<\/li>\n\n\n\n<li>After 10 seconds vibration, lift both the upper and lower mould, use block trolley to take the pallet of blocks out.<\/li>\n\n\n\n<li><img loading=\"lazy\" decoding=\"async\" width=\"150\" height=\"90\" class=\"wp-image-647\" style=\"width: 150px;\" src=\"https:\/\/topall.biz\/wp-content\/uploads\/2022\/04\/\u5fae\u4fe1\u56fe\u7247_20220412124242.png\" alt=\"\" srcset=\"https:\/\/topall.biz\/wp-content\/uploads\/2022\/04\/\u5fae\u4fe1\u56fe\u7247_20220412124242.png 355w, https:\/\/topall.biz\/wp-content\/uploads\/2022\/04\/\u5fae\u4fe1\u56fe\u7247_20220412124242-300x180.png 300w\" sizes=\"auto, (max-width: 150px) 100vw, 150px\" \/><img loading=\"lazy\" decoding=\"async\" width=\"150\" height=\"127\" class=\"wp-image-648\" style=\"width: 150px;\" src=\"https:\/\/topall.biz\/wp-content\/uploads\/2022\/04\/discharge-mixture.png\" alt=\"\" srcset=\"https:\/\/topall.biz\/wp-content\/uploads\/2022\/04\/discharge-mixture.png 622w, https:\/\/topall.biz\/wp-content\/uploads\/2022\/04\/discharge-mixture-300x254.png 300w\" sizes=\"auto, (max-width: 150px) 100vw, 150px\" \/><img loading=\"lazy\" decoding=\"async\" width=\"150\" height=\"120\" class=\"wp-image-649\" style=\"width: 150px;\" src=\"https:\/\/topall.biz\/wp-content\/uploads\/2022\/04\/fill-mixture-into-block-mould.png\" alt=\"\" srcset=\"https:\/\/topall.biz\/wp-content\/uploads\/2022\/04\/fill-mixture-into-block-mould.png 380w, https:\/\/topall.biz\/wp-content\/uploads\/2022\/04\/fill-mixture-into-block-mould-300x239.png 300w\" sizes=\"auto, (max-width: 150px) 100vw, 150px\" \/><img loading=\"lazy\" decoding=\"async\" width=\"150\" height=\"133\" class=\"wp-image-650\" style=\"width: 150px;\" src=\"https:\/\/topall.biz\/wp-content\/uploads\/2022\/04\/use-block-trolley-to-take-the-pallet-out.png\" alt=\"\" srcset=\"https:\/\/topall.biz\/wp-content\/uploads\/2022\/04\/use-block-trolley-to-take-the-pallet-out.png 493w, https:\/\/topall.biz\/wp-content\/uploads\/2022\/04\/use-block-trolley-to-take-the-pallet-out-300x266.png 300w\" sizes=\"auto, (max-width: 150px) 100vw, 150px\" \/><\/li>\n<\/ol>\n\n\n\n<p>Semi-automatic QT4-40A , including block machine with hopper, block trolley, belt conveyor and pan mixer, control cabinet. <\/p>\n\n\n\n<p>Suggested diesel generator: 20-30kva.<\/p>\n\n\n\n<figure class=\"wp-block-image size-full\"><img loading=\"lazy\" decoding=\"async\" width=\"866\" height=\"611\" src=\"https:\/\/topall.biz\/wp-content\/uploads\/2022\/04\/QTJ4-40C-Block-Machine-with-Conveyor-and-Mixer.jpg\" alt=\"FULL AUTOMATIC QTJ4-40A\" class=\"wp-image-646\" srcset=\"https:\/\/topall.biz\/wp-content\/uploads\/2022\/04\/QTJ4-40C-Block-Machine-with-Conveyor-and-Mixer.jpg 866w, https:\/\/topall.biz\/wp-content\/uploads\/2022\/04\/QTJ4-40C-Block-Machine-with-Conveyor-and-Mixer-300x212.jpg 300w, https:\/\/topall.biz\/wp-content\/uploads\/2022\/04\/QTJ4-40C-Block-Machine-with-Conveyor-and-Mixer-768x542.jpg 768w\" sizes=\"auto, (max-width: 866px) 100vw, 866px\" \/><\/figure>\n\n\n\n<figure class=\"wp-block-image size-full\"><img loading=\"lazy\" decoding=\"async\" width=\"724\" height=\"543\" src=\"https:\/\/topall.biz\/wp-content\/uploads\/2022\/04\/Wheel-Barrow-for-QTJ4-40-block-machine.jpg\" alt=\"QTJ4-40 BLOCK PALLET AND BLOCK TROLLEY\" class=\"wp-image-651\" srcset=\"https:\/\/topall.biz\/wp-content\/uploads\/2022\/04\/Wheel-Barrow-for-QTJ4-40-block-machine.jpg 724w, https:\/\/topall.biz\/wp-content\/uploads\/2022\/04\/Wheel-Barrow-for-QTJ4-40-block-machine-300x225.jpg 300w\" sizes=\"auto, (max-width: 724px) 100vw, 724px\" \/><\/figure>\n\n\n<div class=\"wp-block-image\">\n<figure class=\"aligncenter size-full is-resized\"><img loading=\"lazy\" decoding=\"async\" width=\"565\" height=\"442\" src=\"https:\/\/topall.biz\/wp-content\/uploads\/2022\/07\/\u56fe\u72471-removebg-preview.png\" alt=\"QTJ4-40A FULL AUTOMATIC BLOCK PRODUCTION LINE\" class=\"wp-image-733\" style=\"width:424px;height:332px\" srcset=\"https:\/\/topall.biz\/wp-content\/uploads\/2022\/07\/\u56fe\u72471-removebg-preview.png 565w, https:\/\/topall.biz\/wp-content\/uploads\/2022\/07\/\u56fe\u72471-removebg-preview-300x235.png 300w\" sizes=\"auto, (max-width: 565px) 100vw, 565px\" \/><\/figure>\n<\/div>\n\n\n<figure class=\"wp-block-video\"><video height=\"368\" style=\"aspect-ratio: 640 \/ 368;\" width=\"640\" controls src=\"https:\/\/topall.biz\/wp-content\/uploads\/2022\/07\/QTJ4-40A.mp4\"><\/video><\/figure>\n","protected":false},"excerpt":{"rendered":"<p>Model QTJ4-40 Overall size 2000\u00d71480\u00d71150 High 50-250mm Carriage size 880\u00d7470\u00d735mm Cycle 40S Vibrate frequency 50Hz Vibrated power 7.4KW Shift capacity&hellip;<\/p>\n","protected":false},"author":1,"featured_media":0,"parent":0,"menu_order":0,"comment_status":"closed","ping_status":"closed","template":"","meta":{"footnotes":""},"class_list":["post-643","page","type-page","status-publish","hentry"],"yoast_head":"<!-- This site is optimized with the Yoast SEO plugin v20.12 - https:\/\/yoast.com\/wordpress\/plugins\/seo\/ -->\n<title>QTJ4-40 - AUTOMATIC BLOCK MACHINE FOR PAVE<\/title>\n<meta name=\"description\" content=\"QTJ4-40 series block machine can be used alone for both hollow blocks, pavers, solid blocks and creux, hourdis, which needs pallet to carry.\" \/>\n<meta name=\"robots\" content=\"index, follow, max-snippet:-1, max-image-preview:large, max-video-preview:-1\" \/>\n<link rel=\"canonical\" href=\"https:\/\/topall.biz\/?page_id=643\" \/>\n<meta property=\"og:locale\" content=\"en_US\" \/>\n<meta property=\"og:type\" content=\"article\" \/>\n<meta property=\"og:title\" content=\"QTJ4-40 - AUTOMATIC BLOCK MACHINE FOR PAVE\" \/>\n<meta property=\"og:description\" content=\"QTJ4-40 series block machine can be used alone for both hollow blocks, pavers, solid blocks and creux, hourdis, which needs pallet to carry.\" \/>\n<meta property=\"og:url\" content=\"https:\/\/topall.biz\/?page_id=643\" \/>\n<meta property=\"og:site_name\" content=\"Ironman Machinery\" \/>\n<meta property=\"article:modified_time\" content=\"2026-03-03T03:31:15+00:00\" \/>\n<meta property=\"og:image\" content=\"https:\/\/topall.biz\/wp-content\/uploads\/2026\/03\/BLOCK-MOULD.png\" \/>\n<meta name=\"twitter:card\" content=\"summary_large_image\" \/>\n<meta name=\"twitter:label1\" content=\"Est. reading time\" \/>\n\t<meta name=\"twitter:data1\" content=\"3 minutes\" \/>\n<script type=\"application\/ld+json\" class=\"yoast-schema-graph\">{\"@context\":\"https:\/\/schema.org\",\"@graph\":[{\"@type\":\"WebPage\",\"@id\":\"https:\/\/topall.biz\/?page_id=643\",\"url\":\"https:\/\/topall.biz\/?page_id=643\",\"name\":\"QTJ4-40 - AUTOMATIC BLOCK MACHINE FOR PAVE\",\"isPartOf\":{\"@id\":\"https:\/\/topall.biz\/#website\"},\"datePublished\":\"2022-04-12T08:51:36+00:00\",\"dateModified\":\"2026-03-03T03:31:15+00:00\",\"description\":\"QTJ4-40 series block machine can be used alone for both hollow blocks, pavers, solid blocks and creux, hourdis, which needs pallet to carry.\",\"breadcrumb\":{\"@id\":\"https:\/\/topall.biz\/?page_id=643#breadcrumb\"},\"inLanguage\":\"en-US\",\"potentialAction\":[{\"@type\":\"ReadAction\",\"target\":[\"https:\/\/topall.biz\/?page_id=643\"]}]},{\"@type\":\"BreadcrumbList\",\"@id\":\"https:\/\/topall.biz\/?page_id=643#breadcrumb\",\"itemListElement\":[{\"@type\":\"ListItem\",\"position\":1,\"name\":\"\u9996\u9875\",\"item\":\"https:\/\/topall.biz\/\"},{\"@type\":\"ListItem\",\"position\":2,\"name\":\"QTJ4-40 electric block machine\"}]},{\"@type\":\"WebSite\",\"@id\":\"https:\/\/topall.biz\/#website\",\"url\":\"https:\/\/topall.biz\/\",\"name\":\"Ironman Machinery\",\"description\":\"Superior Quality-High Standards\",\"publisher\":{\"@id\":\"https:\/\/topall.biz\/#organization\"},\"potentialAction\":[{\"@type\":\"SearchAction\",\"target\":{\"@type\":\"EntryPoint\",\"urlTemplate\":\"https:\/\/topall.biz\/?s={search_term_string}\"},\"query-input\":\"required name=search_term_string\"}],\"inLanguage\":\"en-US\"},{\"@type\":\"Organization\",\"@id\":\"https:\/\/topall.biz\/#organization\",\"name\":\"Ironman Machinery\",\"url\":\"https:\/\/topall.biz\/\",\"logo\":{\"@type\":\"ImageObject\",\"inLanguage\":\"en-US\",\"@id\":\"https:\/\/topall.biz\/#\/schema\/logo\/image\/\",\"url\":\"https:\/\/topall.biz\/wp-content\/uploads\/2024\/03\/cropped-topall.png\",\"contentUrl\":\"https:\/\/topall.biz\/wp-content\/uploads\/2024\/03\/cropped-topall.png\",\"width\":200,\"height\":60,\"caption\":\"Ironman Machinery\"},\"image\":{\"@id\":\"https:\/\/topall.biz\/#\/schema\/logo\/image\/\"}}]}<\/script>\n<!-- \/ Yoast SEO plugin. -->","yoast_head_json":{"title":"QTJ4-40 - AUTOMATIC BLOCK MACHINE FOR PAVE","description":"QTJ4-40 series block machine can be used alone for both hollow blocks, pavers, solid blocks and creux, hourdis, which needs pallet to carry.","robots":{"index":"index","follow":"follow","max-snippet":"max-snippet:-1","max-image-preview":"max-image-preview:large","max-video-preview":"max-video-preview:-1"},"canonical":"https:\/\/topall.biz\/?page_id=643","og_locale":"en_US","og_type":"article","og_title":"QTJ4-40 - AUTOMATIC BLOCK MACHINE FOR PAVE","og_description":"QTJ4-40 series block machine can be used alone for both hollow blocks, pavers, solid blocks and creux, hourdis, which needs pallet to carry.","og_url":"https:\/\/topall.biz\/?page_id=643","og_site_name":"Ironman Machinery","article_modified_time":"2026-03-03T03:31:15+00:00","og_image":[{"url":"https:\/\/topall.biz\/wp-content\/uploads\/2026\/03\/BLOCK-MOULD.png"}],"twitter_card":"summary_large_image","twitter_misc":{"Est. reading time":"3 minutes"},"schema":{"@context":"https:\/\/schema.org","@graph":[{"@type":"WebPage","@id":"https:\/\/topall.biz\/?page_id=643","url":"https:\/\/topall.biz\/?page_id=643","name":"QTJ4-40 - AUTOMATIC BLOCK MACHINE FOR PAVE","isPartOf":{"@id":"https:\/\/topall.biz\/#website"},"datePublished":"2022-04-12T08:51:36+00:00","dateModified":"2026-03-03T03:31:15+00:00","description":"QTJ4-40 series block machine can be used alone for both hollow blocks, pavers, solid blocks and creux, hourdis, which needs pallet to carry.","breadcrumb":{"@id":"https:\/\/topall.biz\/?page_id=643#breadcrumb"},"inLanguage":"en-US","potentialAction":[{"@type":"ReadAction","target":["https:\/\/topall.biz\/?page_id=643"]}]},{"@type":"BreadcrumbList","@id":"https:\/\/topall.biz\/?page_id=643#breadcrumb","itemListElement":[{"@type":"ListItem","position":1,"name":"\u9996\u9875","item":"https:\/\/topall.biz\/"},{"@type":"ListItem","position":2,"name":"QTJ4-40 electric block machine"}]},{"@type":"WebSite","@id":"https:\/\/topall.biz\/#website","url":"https:\/\/topall.biz\/","name":"Ironman Machinery","description":"Superior Quality-High Standards","publisher":{"@id":"https:\/\/topall.biz\/#organization"},"potentialAction":[{"@type":"SearchAction","target":{"@type":"EntryPoint","urlTemplate":"https:\/\/topall.biz\/?s={search_term_string}"},"query-input":"required name=search_term_string"}],"inLanguage":"en-US"},{"@type":"Organization","@id":"https:\/\/topall.biz\/#organization","name":"Ironman Machinery","url":"https:\/\/topall.biz\/","logo":{"@type":"ImageObject","inLanguage":"en-US","@id":"https:\/\/topall.biz\/#\/schema\/logo\/image\/","url":"https:\/\/topall.biz\/wp-content\/uploads\/2024\/03\/cropped-topall.png","contentUrl":"https:\/\/topall.biz\/wp-content\/uploads\/2024\/03\/cropped-topall.png","width":200,"height":60,"caption":"Ironman Machinery"},"image":{"@id":"https:\/\/topall.biz\/#\/schema\/logo\/image\/"}}]}},"_links":{"self":[{"href":"https:\/\/topall.biz\/index.php?rest_route=\/wp\/v2\/pages\/643","targetHints":{"allow":["GET"]}}],"collection":[{"href":"https:\/\/topall.biz\/index.php?rest_route=\/wp\/v2\/pages"}],"about":[{"href":"https:\/\/topall.biz\/index.php?rest_route=\/wp\/v2\/types\/page"}],"author":[{"embeddable":true,"href":"https:\/\/topall.biz\/index.php?rest_route=\/wp\/v2\/users\/1"}],"replies":[{"embeddable":true,"href":"https:\/\/topall.biz\/index.php?rest_route=%2Fwp%2Fv2%2Fcomments&post=643"}],"version-history":[{"count":6,"href":"https:\/\/topall.biz\/index.php?rest_route=\/wp\/v2\/pages\/643\/revisions"}],"predecessor-version":[{"id":1679,"href":"https:\/\/topall.biz\/index.php?rest_route=\/wp\/v2\/pages\/643\/revisions\/1679"}],"wp:attachment":[{"href":"https:\/\/topall.biz\/index.php?rest_route=%2Fwp%2Fv2%2Fmedia&parent=643"}],"curies":[{"name":"wp","href":"https:\/\/api.w.org\/{rel}","templated":true}]}}