{"id":876,"date":"2022-10-28T16:41:56","date_gmt":"2022-10-28T08:41:56","guid":{"rendered":"http:\/\/topall.biz\/?page_id=876"},"modified":"2023-08-28T11:00:45","modified_gmt":"2023-08-28T03:00:45","slug":"dumper-de-3-toneladas","status":"publish","type":"page","link":"https:\/\/topall.biz\/?page_id=876","title":{"rendered":"dumper de 3 toneladas"},"content":{"rendered":"<p class=\"wp-block-site-tagline\">Superior Quality-High Standards<\/p>\n\n\n<p>Palavras-chave:<br><a href=\"https:\/\/www.dumper.cn\/\">dumper de 3 toneladas<\/a>,<br>dumper de ponta girat\u00f3ria de 3 toneladas,<br>dumper industrial de 3 toneladas para venda,<br>Aluguer de basculantes de 3 toneladas,<br>Usado dumper de 3 toneladas,<br>Dumper girat\u00f3rio,<br>Virador articulado girat\u00f3rio,<br>M\u00e1quina de terraplanagem,<br>Manequim de transmiss\u00e3o hidrost\u00e1tica,<br>Basculante da ponta dianteira,<br>dumper de 3000kg,<br>O basculante de lagartas JCB,<br>P\u00e1ra-quedas girat\u00f3rio,<br>Dumper de 3ton n\u00e3o utilizado,<br>Ausa dumper de 3 toneladas,<br>China Site Dumper,<br>Dumper de tamanho m\u00e9dio,<br>Basculante de ponta recta,<br>Dobradura ROPS dumper,<br>Dumper Road Legal,<br>Um dumper imaculado,<br>Basculante com trac\u00e7\u00e3o \u00e0s 4 rodas,<br>Basculante da ponta dianteira,<br>Fase 3 dumper,<br>Basculante do motor da fase 4,<br>Basculante do motor diesel da fase 5,<br>Barra dobr\u00e1vel ROPS da baliza,<br>Dumper de m\u00e3o direita,<br>Virador de cami\u00f5es de lagartas,<br>Pneum\u00e1tico de cami\u00e3o basculante,<br>Dumper girat\u00f3rio de 3ton de ponta oi,<br>Bip de bip invertido,<br>Dumper mineiro,<br>Dumper de constru\u00e7\u00e3o,<br>Virador de ponta para a frente,<br>Cami\u00e3o basculante com trac\u00e7\u00e3o \u00e0s quatro rodas,<br>Todos os tipos de dumper de terreno,<br>Dumper com rasto,<br>Portador de 3 toneladas,<br>Dumper de transporte com lagartas,<br>Dumper do site da JCB,<br>Dumper vers\u00e1til,<br>3T Wacker Neuson dumper,<br>Dumper de 3ton para escavadora de 3ton,<br>Virador hidr\u00e1ulico de boi,<br>Basculante de ponta recta,<br>P\u00e1ra-quedas girat\u00f3rio,<br>Dumper girat\u00f3rio de 3 toneladas,<br>Dumper hidrost\u00e1tico,<br>Basculante de roda,<br>Dumper de vista dupla,<br>Mini cami\u00f5es,<br>Dumper de carv\u00e3o,<br>Cami\u00e3o basculante de 3 toneladas,<br><a href=\"https:\/\/topall.biz\/?p=86\">3ton basculante,<\/a><br>Cami\u00e3o de 3ton de ponta,<br>Dumper de Ausa,<br>Boneco de Benford,<br>Thwaites dumper de 3 toneladas,<br>Chupa-chupa Terex de 3 toneladas,<br>F3L912 MOTOR DIESEL REFRIGERADO A AR COM FJ30 DUMPER<\/p>\n\n\n\n<p class=\"has-luminous-vivid-orange-color has-text-color has-medium-font-size\">Modelo SD30(FJ30)<br>Carga \u00fatil 3000kg<br>Peso descarregado 2500kg<br>Capacidade de saltar 1.5m\u00b3<br>M\u00e1x. Velocidades 25km\/h<br>Gradiente de travagem de m\u00e3o 18%<br>Capacidade de grau m\u00e1ximo 36%<br>Dist\u00e2ncia de deslizamento 75m<br>Dist\u00e2ncia de travagem \u22642.5m Carga \u00fatil 10km\/h<br>Raio de viragem min. 8,45m<br>Dist\u00e2ncia m\u00ednima ao solo 248mm<br>Ru\u00eddo ac\u00fastico \u226486db(A)<br>\u00c2ngulo de descarga 48,4\u00b0<br>Tempo de descarregamento 8S<br>Press\u00e3o de trabalho do sistema hidr\u00e1ulico 16mpa<br>Base de roda 2000mm<br>Banda de rodagem 1470mm<br>Pot\u00eancia do Motor Diesel 30kw\uff08NB485\uff09 &nbsp;&nbsp;&nbsp;&nbsp;&nbsp;&nbsp;38kw(F3L912)<br>Velocidade do Motor Diesel 2600r\/min (NB485) 2500r\/min (F3L912)<br>Dimens\u00f5es totais (L\u00d7W\u00d7H) 3900\u00d71795\u00d71820 (mm)\u3000<\/p>\n\n\n<div class=\"wp-block-image\">\n<figure class=\"aligncenter size-large\"><img decoding=\"async\" src=\"https:\/\/betonniere.cn\/wp-content\/uploads\/2022\/04\/SD30-G.jpg\" alt=\"dumper de 3 toneladas\"\/><figcaption class=\"wp-element-caption\">dumper de 3 toneladas<\/figcaption><\/figure>\n<\/div>","protected":false},"excerpt":{"rendered":"<p>Palavras-chave:dumper de 3 toneladas,dumper de ponta girat\u00f3ria de 3 toneladas,dumper industrial de 3 toneladas para venda,Aluguer de basculantes de 3&hellip;<\/p>\n","protected":false},"author":1,"featured_media":0,"parent":0,"menu_order":0,"comment_status":"closed","ping_status":"closed","template":"","meta":{"footnotes":""},"class_list":["post-876","page","type-page","status-publish","hentry"],"yoast_head":"<!-- This site is optimized with the Yoast SEO plugin v20.12 - https:\/\/yoast.com\/wordpress\/plugins\/seo\/ -->\n<title>dumper de 3 toneladas - Ironman Machinery<\/title>\n<meta name=\"description\" content=\"dumper de 3 toneladas,dumper de ponta girat\u00f3ria de 3 toneladas SD30(FJ30) F3L912 MOTOR DIESEL REFRIGERADO A AR COM FJ30 DUMPER\" \/>\n<meta name=\"robots\" content=\"index, follow, max-snippet:-1, max-image-preview:large, max-video-preview:-1\" \/>\n<link rel=\"canonical\" href=\"https:\/\/topall.biz\/?page_id=876\" \/>\n<meta property=\"og:locale\" content=\"en_US\" \/>\n<meta property=\"og:type\" content=\"article\" \/>\n<meta property=\"og:title\" content=\"dumper de 3 toneladas - Ironman Machinery\" \/>\n<meta property=\"og:description\" content=\"dumper de 3 toneladas,dumper de ponta girat\u00f3ria de 3 toneladas SD30(FJ30) F3L912 MOTOR DIESEL REFRIGERADO A AR COM FJ30 DUMPER\" \/>\n<meta property=\"og:url\" content=\"https:\/\/topall.biz\/?page_id=876\" \/>\n<meta property=\"og:site_name\" content=\"Ironman Machinery\" \/>\n<meta property=\"article:modified_time\" content=\"2023-08-28T03:00:45+00:00\" \/>\n<meta property=\"og:image\" content=\"https:\/\/betonniere.cn\/wp-content\/uploads\/2022\/04\/SD30-G.jpg\" \/>\n<meta name=\"twitter:card\" content=\"summary_large_image\" \/>\n<meta name=\"twitter:label1\" content=\"Est. reading time\" \/>\n\t<meta name=\"twitter:data1\" content=\"3 minutes\" \/>\n<script type=\"application\/ld+json\" class=\"yoast-schema-graph\">{\"@context\":\"https:\/\/schema.org\",\"@graph\":[{\"@type\":\"WebPage\",\"@id\":\"https:\/\/topall.biz\/?page_id=876\",\"url\":\"https:\/\/topall.biz\/?page_id=876\",\"name\":\"dumper de 3 toneladas - Ironman Machinery\",\"isPartOf\":{\"@id\":\"https:\/\/topall.biz\/#website\"},\"datePublished\":\"2022-10-28T08:41:56+00:00\",\"dateModified\":\"2023-08-28T03:00:45+00:00\",\"description\":\"dumper de 3 toneladas,dumper de ponta girat\u00f3ria de 3 toneladas SD30(FJ30) F3L912 MOTOR DIESEL REFRIGERADO A AR COM FJ30 DUMPER\",\"breadcrumb\":{\"@id\":\"https:\/\/topall.biz\/?page_id=876#breadcrumb\"},\"inLanguage\":\"en-US\",\"potentialAction\":[{\"@type\":\"ReadAction\",\"target\":[\"https:\/\/topall.biz\/?page_id=876\"]}]},{\"@type\":\"BreadcrumbList\",\"@id\":\"https:\/\/topall.biz\/?page_id=876#breadcrumb\",\"itemListElement\":[{\"@type\":\"ListItem\",\"position\":1,\"name\":\"\u9996\u9875\",\"item\":\"https:\/\/topall.biz\/\"},{\"@type\":\"ListItem\",\"position\":2,\"name\":\"dumper de 3 toneladas\"}]},{\"@type\":\"WebSite\",\"@id\":\"https:\/\/topall.biz\/#website\",\"url\":\"https:\/\/topall.biz\/\",\"name\":\"Ironman Machinery\",\"description\":\"Superior Quality-High Standards\",\"publisher\":{\"@id\":\"https:\/\/topall.biz\/#organization\"},\"potentialAction\":[{\"@type\":\"SearchAction\",\"target\":{\"@type\":\"EntryPoint\",\"urlTemplate\":\"https:\/\/topall.biz\/?s={search_term_string}\"},\"query-input\":\"required name=search_term_string\"}],\"inLanguage\":\"en-US\"},{\"@type\":\"Organization\",\"@id\":\"https:\/\/topall.biz\/#organization\",\"name\":\"Ironman Machinery\",\"url\":\"https:\/\/topall.biz\/\",\"logo\":{\"@type\":\"ImageObject\",\"inLanguage\":\"en-US\",\"@id\":\"https:\/\/topall.biz\/#\/schema\/logo\/image\/\",\"url\":\"https:\/\/topall.biz\/wp-content\/uploads\/2024\/03\/cropped-topall.png\",\"contentUrl\":\"https:\/\/topall.biz\/wp-content\/uploads\/2024\/03\/cropped-topall.png\",\"width\":200,\"height\":60,\"caption\":\"Ironman Machinery\"},\"image\":{\"@id\":\"https:\/\/topall.biz\/#\/schema\/logo\/image\/\"}}]}<\/script>\n<!-- \/ Yoast SEO plugin. -->","yoast_head_json":{"title":"dumper de 3 toneladas - Ironman Machinery","description":"dumper de 3 toneladas,dumper de ponta girat\u00f3ria de 3 toneladas SD30(FJ30) F3L912 MOTOR DIESEL REFRIGERADO A AR COM FJ30 DUMPER","robots":{"index":"index","follow":"follow","max-snippet":"max-snippet:-1","max-image-preview":"max-image-preview:large","max-video-preview":"max-video-preview:-1"},"canonical":"https:\/\/topall.biz\/?page_id=876","og_locale":"en_US","og_type":"article","og_title":"dumper de 3 toneladas - Ironman Machinery","og_description":"dumper de 3 toneladas,dumper de ponta girat\u00f3ria de 3 toneladas SD30(FJ30) F3L912 MOTOR DIESEL REFRIGERADO A AR COM FJ30 DUMPER","og_url":"https:\/\/topall.biz\/?page_id=876","og_site_name":"Ironman Machinery","article_modified_time":"2023-08-28T03:00:45+00:00","og_image":[{"url":"https:\/\/betonniere.cn\/wp-content\/uploads\/2022\/04\/SD30-G.jpg"}],"twitter_card":"summary_large_image","twitter_misc":{"Est. reading time":"3 minutes"},"schema":{"@context":"https:\/\/schema.org","@graph":[{"@type":"WebPage","@id":"https:\/\/topall.biz\/?page_id=876","url":"https:\/\/topall.biz\/?page_id=876","name":"dumper de 3 toneladas - Ironman Machinery","isPartOf":{"@id":"https:\/\/topall.biz\/#website"},"datePublished":"2022-10-28T08:41:56+00:00","dateModified":"2023-08-28T03:00:45+00:00","description":"dumper de 3 toneladas,dumper de ponta girat\u00f3ria de 3 toneladas SD30(FJ30) F3L912 MOTOR DIESEL REFRIGERADO A AR COM FJ30 DUMPER","breadcrumb":{"@id":"https:\/\/topall.biz\/?page_id=876#breadcrumb"},"inLanguage":"en-US","potentialAction":[{"@type":"ReadAction","target":["https:\/\/topall.biz\/?page_id=876"]}]},{"@type":"BreadcrumbList","@id":"https:\/\/topall.biz\/?page_id=876#breadcrumb","itemListElement":[{"@type":"ListItem","position":1,"name":"\u9996\u9875","item":"https:\/\/topall.biz\/"},{"@type":"ListItem","position":2,"name":"dumper de 3 toneladas"}]},{"@type":"WebSite","@id":"https:\/\/topall.biz\/#website","url":"https:\/\/topall.biz\/","name":"Ironman Machinery","description":"Superior Quality-High Standards","publisher":{"@id":"https:\/\/topall.biz\/#organization"},"potentialAction":[{"@type":"SearchAction","target":{"@type":"EntryPoint","urlTemplate":"https:\/\/topall.biz\/?s={search_term_string}"},"query-input":"required name=search_term_string"}],"inLanguage":"en-US"},{"@type":"Organization","@id":"https:\/\/topall.biz\/#organization","name":"Ironman Machinery","url":"https:\/\/topall.biz\/","logo":{"@type":"ImageObject","inLanguage":"en-US","@id":"https:\/\/topall.biz\/#\/schema\/logo\/image\/","url":"https:\/\/topall.biz\/wp-content\/uploads\/2024\/03\/cropped-topall.png","contentUrl":"https:\/\/topall.biz\/wp-content\/uploads\/2024\/03\/cropped-topall.png","width":200,"height":60,"caption":"Ironman Machinery"},"image":{"@id":"https:\/\/topall.biz\/#\/schema\/logo\/image\/"}}]}},"_links":{"self":[{"href":"https:\/\/topall.biz\/index.php?rest_route=\/wp\/v2\/pages\/876","targetHints":{"allow":["GET"]}}],"collection":[{"href":"https:\/\/topall.biz\/index.php?rest_route=\/wp\/v2\/pages"}],"about":[{"href":"https:\/\/topall.biz\/index.php?rest_route=\/wp\/v2\/types\/page"}],"author":[{"embeddable":true,"href":"https:\/\/topall.biz\/index.php?rest_route=\/wp\/v2\/users\/1"}],"replies":[{"embeddable":true,"href":"https:\/\/topall.biz\/index.php?rest_route=%2Fwp%2Fv2%2Fcomments&post=876"}],"version-history":[{"count":2,"href":"https:\/\/topall.biz\/index.php?rest_route=\/wp\/v2\/pages\/876\/revisions"}],"predecessor-version":[{"id":1282,"href":"https:\/\/topall.biz\/index.php?rest_route=\/wp\/v2\/pages\/876\/revisions\/1282"}],"wp:attachment":[{"href":"https:\/\/topall.biz\/index.php?rest_route=%2Fwp%2Fv2%2Fmedia&parent=876"}],"curies":[{"name":"wp","href":"https:\/\/api.w.org\/{rel}","templated":true}]}}